{"id":59,"date":"2021-09-20T15:12:16","date_gmt":"2021-09-20T21:12:16","guid":{"rendered":"https:\/\/soutenirpratiquecurriculum.ca\/?page_id=59"},"modified":"2023-02-28T14:36:48","modified_gmt":"2023-02-28T21:36:48","slug":"home","status":"publish","type":"page","link":"https:\/\/soutenirpratiquecurriculum.ca\/en\/","title":{"rendered":"Home"},"content":{"rendered":"\t\t<div data-elementor-type=\"wp-page\" data-elementor-id=\"59\" class=\"elementor elementor-59 elementor-12682\" data-elementor-post-type=\"page\">\n\t\t\t\t\t\t<section class=\"elementor-section elementor-top-section elementor-element elementor-element-c56ad5e elementor-section-boxed elementor-section-height-default elementor-section-height-default\" data-id=\"c56ad5e\" data-element_type=\"section\" data-e-type=\"section\">\n\t\t\t\t\t\t<div class=\"elementor-container elementor-column-gap-default\">\n\t\t\t\t\t<div class=\"elementor-column elementor-col-100 elementor-top-column elementor-element elementor-element-4245110\" data-id=\"4245110\" data-element_type=\"column\" data-e-type=\"column\">\n\t\t\t<div class=\"elementor-widget-wrap elementor-element-populated\">\n\t\t\t\t\t\t<div class=\"elementor-element elementor-element-b923c1c elementor-widget elementor-widget-spacer\" data-id=\"b923c1c\" data-element_type=\"widget\" data-e-type=\"widget\" data-widget_type=\"spacer.default\">\n\t\t\t\t<div class=\"elementor-widget-container\">\n\t\t\t\t\t\t\t<div class=\"elementor-spacer\">\n\t\t\t<div class=\"elementor-spacer-inner\"><\/div>\n\t\t<\/div>\n\t\t\t\t\t\t<\/div>\n\t\t\t\t<\/div>\n\t\t\t\t\t<\/div>\n\t\t<\/div>\n\t\t\t\t\t<\/div>\n\t\t<\/section>\n\t\t\t\t<section class=\"elementor-section elementor-top-section elementor-element elementor-element-3fc16a1 elementor-section-boxed elementor-section-height-default elementor-section-height-default\" data-id=\"3fc16a1\" data-element_type=\"section\" data-e-type=\"section\">\n\t\t\t\t\t\t<div class=\"elementor-container elementor-column-gap-default\">\n\t\t\t\t\t<div class=\"elementor-column elementor-col-25 elementor-top-column elementor-element elementor-element-9b9663e\" data-id=\"9b9663e\" data-element_type=\"column\" data-e-type=\"column\">\n\t\t\t<div class=\"elementor-widget-wrap elementor-element-populated\">\n\t\t\t\t\t\t<div class=\"elementor-element elementor-element-6682d37 elementor-widget elementor-widget-text-editor\" data-id=\"6682d37\" data-element_type=\"widget\" data-e-type=\"widget\" data-widget_type=\"text-editor.default\">\n\t\t\t\t<div class=\"elementor-widget-container\">\n\t\t\t\t\t\t\t\t\t<p>Enflammez votre passion pour apprendre !<\/p><p>Soutenir la pratique du curriculum est une s\u00e9rie d\u2019apprentissage professionnel pour les \u00e9ducateur\u00b7rice\u00b7s de la petite enfance qui travaillent dans des programmes de garde d\u2019enfants, des garderies familiales, des pr\u00e9maternelles et des programmes de garde d\u2019enfants d\u2019\u00e2ge scolaire en Alberta.<\/p>\t\t\t\t\t\t\t\t<\/div>\n\t\t\t\t<\/div>\n\t\t\t\t\t<\/div>\n\t\t<\/div>\n\t\t\t\t<div class=\"elementor-column elementor-col-25 elementor-top-column elementor-element elementor-element-0a636e3\" data-id=\"0a636e3\" data-element_type=\"column\" data-e-type=\"column\">\n\t\t\t<div class=\"elementor-widget-wrap elementor-element-populated\">\n\t\t\t\t\t\t<div class=\"elementor-element elementor-element-cdfa041 elementor-widget elementor-widget-image\" data-id=\"cdfa041\" data-element_type=\"widget\" data-e-type=\"widget\" data-widget_type=\"image.default\">\n\t\t\t\t<div class=\"elementor-widget-container\">\n\t\t\t\t\t\t\t\t\t\t\t\t\t\t\t<img fetchpriority=\"high\" decoding=\"async\" width=\"768\" height=\"512\" src=\"https:\/\/soutenirpratiquecurriculum.ca\/wp-content\/uploads\/2021\/11\/pexels-natalie-4090006-768x512.jpg\" class=\"attachment-medium_large size-medium_large wp-image-953\" alt=\"Supporting Young Learners\" srcset=\"https:\/\/soutenirpratiquecurriculum.ca\/wp-content\/uploads\/2021\/11\/pexels-natalie-4090006-768x512.jpg 768w, https:\/\/soutenirpratiquecurriculum.ca\/wp-content\/uploads\/2021\/11\/pexels-natalie-4090006-300x200.jpg 300w, https:\/\/soutenirpratiquecurriculum.ca\/wp-content\/uploads\/2021\/11\/pexels-natalie-4090006-1024x683.jpg 1024w, https:\/\/soutenirpratiquecurriculum.ca\/wp-content\/uploads\/2021\/11\/pexels-natalie-4090006-1536x1024.jpg 1536w, https:\/\/soutenirpratiquecurriculum.ca\/wp-content\/uploads\/2021\/11\/pexels-natalie-4090006-2048x1365.jpg 2048w\" sizes=\"(max-width: 768px) 100vw, 768px\" \/>\t\t\t\t\t\t\t\t\t\t\t\t\t\t\t<\/div>\n\t\t\t\t<\/div>\n\t\t\t\t\t<\/div>\n\t\t<\/div>\n\t\t\t\t<div class=\"elementor-column elementor-col-25 elementor-top-column elementor-element elementor-element-7959f65\" data-id=\"7959f65\" data-element_type=\"column\" data-e-type=\"column\">\n\t\t\t<div class=\"elementor-widget-wrap elementor-element-populated\">\n\t\t\t\t\t\t<div class=\"elementor-element elementor-element-ee5c466 elementor-widget elementor-widget-spacer\" data-id=\"ee5c466\" data-element_type=\"widget\" data-e-type=\"widget\" data-widget_type=\"spacer.default\">\n\t\t\t\t<div class=\"elementor-widget-container\">\n\t\t\t\t\t\t\t<div class=\"elementor-spacer\">\n\t\t\t<div class=\"elementor-spacer-inner\"><\/div>\n\t\t<\/div>\n\t\t\t\t\t\t<\/div>\n\t\t\t\t<\/div>\n\t\t\t\t\t<\/div>\n\t\t<\/div>\n\t\t\t\t<div class=\"elementor-column elementor-col-25 elementor-top-column elementor-element elementor-element-8e636a4\" data-id=\"8e636a4\" data-element_type=\"column\" data-e-type=\"column\">\n\t\t\t<div class=\"elementor-widget-wrap elementor-element-populated\">\n\t\t\t\t\t\t<div class=\"elementor-element elementor-element-1f9ef87 elementor-widget elementor-widget-text-editor\" data-id=\"1f9ef87\" data-element_type=\"widget\" data-e-type=\"widget\" data-widget_type=\"text-editor.default\">\n\t\t\t\t<div class=\"elementor-widget-container\">\n\t\t\t\t\t\t\t\t\t<p>Pour plus de renseignements ou pour vous inscrire, veuillez suivre le lien ci-dessous, et vous serez redirig\u00e9\u00b7e vers le site d\u2019ARCQE.<\/p>\t\t\t\t\t\t\t\t<\/div>\n\t\t\t\t<\/div>\n\t\t\t\t<div class=\"elementor-element elementor-element-32c970e elementor-align-center elementor-widget elementor-widget-button\" data-id=\"32c970e\" data-element_type=\"widget\" data-e-type=\"widget\" data-widget_type=\"button.default\">\n\t\t\t\t<div class=\"elementor-widget-container\">\n\t\t\t\t\t\t\t\t\t<div class=\"elementor-button-wrapper\">\n\t\t\t\t\t<a class=\"elementor-button elementor-button-link elementor-size-sm\" href=\"https:\/\/www.arcqe.ca\/events\/#id=218&#038;cid=1004&#038;wid=201\">\n\t\t\t\t\t\t<span class=\"elementor-button-content-wrapper\">\n\t\t\t\t\t\t\t\t\t<span class=\"elementor-button-text\">Cliquez ici<\/span>\n\t\t\t\t\t<\/span>\n\t\t\t\t\t<\/a>\n\t\t\t\t<\/div>\n\t\t\t\t\t\t\t\t<\/div>\n\t\t\t\t<\/div>\n\t\t\t\t\t<\/div>\n\t\t<\/div>\n\t\t\t\t\t<\/div>\n\t\t<\/section>\n\t\t\t\t<section class=\"elementor-section elementor-top-section elementor-element elementor-element-20706d5 elementor-section-boxed elementor-section-height-default elementor-section-height-default\" data-id=\"20706d5\" data-element_type=\"section\" data-e-type=\"section\">\n\t\t\t\t\t\t<div class=\"elementor-container elementor-column-gap-default\">\n\t\t\t\t\t<div class=\"elementor-column elementor-col-66 elementor-top-column elementor-element elementor-element-ad9146f\" data-id=\"ad9146f\" data-element_type=\"column\" data-e-type=\"column\">\n\t\t\t<div class=\"elementor-widget-wrap elementor-element-populated\">\n\t\t\t\t\t\t<div class=\"elementor-element elementor-element-51c06c4 elementor-widget elementor-widget-text-editor\" data-id=\"51c06c4\" data-element_type=\"widget\" data-e-type=\"widget\" data-widget_type=\"text-editor.default\">\n\t\t\t\t<div class=\"elementor-widget-container\">\n\t\t\t\t\t\t\t\t\t<p>Dans cette s\u00e9rie pratique de huit modules, vous allez d\u00e9couvrir comment <em>Envol\u00a0: cadre pour les programmes d\u2019apprentissage et de garde des jeunes enfants en Alberta<\/em> appuie et renforce votre pratique quotidienne avec les enfants et les familles.<\/p>\t\t\t\t\t\t\t\t<\/div>\n\t\t\t\t<\/div>\n\t\t\t\t<div class=\"elementor-element elementor-element-8e3cc62 elementor-widget elementor-widget-video\" data-id=\"8e3cc62\" data-element_type=\"widget\" data-e-type=\"widget\" data-settings=\"{&quot;video_type&quot;:&quot;vimeo&quot;}\" data-widget_type=\"video.default\">\n\t\t\t\t<div class=\"elementor-widget-container\">\n\t\t\t\t\t\t\t<div class=\"elementor-wrapper elementor-open-inline\">\n\t\t\t<iframe class=\"elementor-video-iframe\" allowfullscreen allow=\"clipboard-write\" title=\"vimeo Video Player\" src=\"https:\/\/player.vimeo.com\/video\/711361593?color&amp;autopause=0&amp;loop=0&amp;muted=0&amp;title=1&amp;portrait=1&amp;byline=1#t=\"><\/iframe>\t\t<\/div>\n\t\t\t\t\t\t<\/div>\n\t\t\t\t<\/div>\n\t\t\t\t<div class=\"elementor-element elementor-element-8c28841 elementor-widget elementor-widget-text-editor\" data-id=\"8c28841\" data-element_type=\"widget\" data-e-type=\"widget\" data-widget_type=\"text-editor.default\">\n\t\t\t\t<div class=\"elementor-widget-container\">\n\t\t\t\t\t\t\t\t\t<p>Cette s\u00e9rie, compos\u00e9e de modules d\u2019apprentissage virtuel, vous offre de nombreuses occasions d\u2019apprendre \u00e0 votre propre rythme. Son aspect communautaire b\u00e9n\u00e9fique vous permettra \u00e9galement de participer \u00e0 des discussions de groupe en temps r\u00e9el avec votre facilitateur\u00b7rice et d\u2019autres \u00e9ducateur\u00b7rice\u00b7s \u00e0 travers l\u2019Alberta.<\/p><p>Vous pouvez \u00e9galement tisser des liens avec vos camarades de classe, et partager vos exp\u00e9riences dans le forum de discussion.<\/p>\t\t\t\t\t\t\t\t<\/div>\n\t\t\t\t<\/div>\n\t\t\t\t<div class=\"elementor-element elementor-element-44ed0ae elementor-widget elementor-widget-button\" data-id=\"44ed0ae\" data-element_type=\"widget\" data-e-type=\"widget\" data-widget_type=\"button.default\">\n\t\t\t\t<div class=\"elementor-widget-container\">\n\t\t\t\t\t\t\t\t\t<div class=\"elementor-button-wrapper\">\n\t\t\t\t\t<a class=\"elementor-button elementor-button-link elementor-size-sm\" href=\"https:\/\/nbprogram.blob.core.windows.net\/scp\/SCP%20Brochure.pdf\">\n\t\t\t\t\t\t<span class=\"elementor-button-content-wrapper\">\n\t\t\t\t\t\t\t\t\t<span class=\"elementor-button-text\">T\u00e9l\u00e9charger la brochure<\/span>\n\t\t\t\t\t<\/span>\n\t\t\t\t\t<\/a>\n\t\t\t\t<\/div>\n\t\t\t\t\t\t\t\t<\/div>\n\t\t\t\t<\/div>\n\t\t\t\t\t<\/div>\n\t\t<\/div>\n\t\t\t\t<div class=\"elementor-column elementor-col-33 elementor-top-column elementor-element elementor-element-05b3ac7\" data-id=\"05b3ac7\" data-element_type=\"column\" data-e-type=\"column\">\n\t\t\t<div class=\"elementor-widget-wrap elementor-element-populated\">\n\t\t\t\t\t\t<div class=\"elementor-element elementor-element-52f8cc6 elementor-widget-divider--view-line elementor-widget elementor-widget-divider\" data-id=\"52f8cc6\" data-element_type=\"widget\" data-e-type=\"widget\" data-widget_type=\"divider.default\">\n\t\t\t\t<div class=\"elementor-widget-container\">\n\t\t\t\t\t\t\t<div class=\"elementor-divider\">\n\t\t\t<span class=\"elementor-divider-separator\">\n\t\t\t\t\t\t<\/span>\n\t\t<\/div>\n\t\t\t\t\t\t<\/div>\n\t\t\t\t<\/div>\n\t\t\t\t<div class=\"elementor-element elementor-element-8995aa4 elementor-widget elementor-widget-shortcode\" data-id=\"8995aa4\" data-element_type=\"widget\" data-e-type=\"widget\" data-widget_type=\"shortcode.default\">\n\t\t\t\t<div class=\"elementor-widget-container\">\n\t\t\t\t\t\t\t<div class=\"elementor-shortcode\">\t<section class=\"uo_loginForm\">\n\t\t<script>\n\t\t\t\t\t\tlet UOToolkitFrontEndLoginFormData = JSON.parse('{\"turnstileRecaptcha\":false}');\n\t\t<\/script>\n\t\t\n\n<div id=\"ult-login\">\n\n\t<div class=\"ult-box\">\n\n\t\t<div class=\"ult-form__content\">\n\t\t\t\n\t\t\t\n\t\t\t\n\t\t\t\n\t\t\t\t<div class=\"ult-form__title\">\n\t\t\t\t\tLogin\t\t\t\t<\/div>\n\n\t\t\t\n\t\t\t\n\t\t\t\n\t\t\t\t<div class=\"ult-form__description\">\n\t\t\t\t\tLog in below to access your courses.\t\t\t\t<\/div>\n\n\t\t\t\n\t\t\t\n\t\t\t<div class=\"ult-form__container\">\n\n\t\t\t\t<form name=\"ult-login-form\" id=\"ult-login-form\" action=\"https:\/\/soutenirpratiquecurriculum.ca\/en\/wp-login.php\" method=\"post\"><input id=\"learndash-login-form\" type=\"hidden\" name=\"learndash-login-form\" value=\"fb6709a241\" \/><p class=\"login-username\">\n\t\t\t\t<label for=\"ult-login-email\">Adresse courriel<\/label>\n\t\t\t\t<input type=\"text\" name=\"log\" id=\"ult-login-email\" autocomplete=\"username\" class=\"input\" value=\"\" size=\"20\" \/>\n\t\t\t<\/p><p class=\"login-password\">\n\t\t\t\t<label for=\"ult-login-password\">Password<\/label>\n\t\t\t\t<input type=\"password\" name=\"pwd\" id=\"ult-login-password\" autocomplete=\"current-password\" spellcheck=\"false\" class=\"input\" value=\"\" size=\"20\" \/>\n\t\t\t<\/p>\n\t<div class=\"ult-form__validation \">\n\t\t<div class=\"ult-notice ult-notice--error\">\n\t\t\t\n\t\t\t<span class=\"ult-notice-text\"><\/span>\n\n\t\t\t\t\t<\/div>\n\t<\/div>\n\n\t<p class=\"login-remember\"><label><input name=\"rememberme\" type=\"checkbox\" id=\"ult-login-remember\" value=\"forever\" checked=\"checked\" \/> Remember Me<\/label><\/p><p class=\"login-submit\">\n\t\t\t\t<input type=\"submit\" name=\"wp-submit\" id=\"ult-login-submit\" class=\"button button-primary\" value=\"Log In\" \/>\n\t\t\t\t<input type=\"hidden\" name=\"redirect_to\" value=\"https:\/\/soutenirpratiquecurriculum.ca\/en\/wp-admin\/\" \/>\n\t\t\t<\/p><\/form>\n\t\t\t<\/div>\n\n\t\t\t\n\t\t<\/div>\n\n\t\t<div class=\"ult-form__footer\">\n\n\t\t\t\n\t\t\t<div class=\"ult-form-footer__forgot-password\">\n\t\t\t\t<a id=\"ult-form-footer-forgot-password\" href=\"https:\/\/soutenirpratiquecurriculum.ca\/accueil\/?action=lostpassword\">\n\t\t\t\t\tForgot Password?\t\t\t\t<\/a>\n\t\t\t<\/div>\n\n\t\t\t\n\t\t<\/div>\n\n\t\t\n\t<\/div>\n\n<\/div>\n\n<script type='text\/javascript'>\n\tjQuery(document).ready(function () {\n\t\tjQuery('#ult-login-email').attr('required', 'required')\n\t\tjQuery('#ult-login-password').attr('required', 'required')\n\t})\n<\/script>\n\n\t<\/section>\n<\/div>\n\t\t\t\t\t\t<\/div>\n\t\t\t\t<\/div>\n\t\t\t\t<div class=\"elementor-element elementor-element-a4db067 elementor-widget elementor-widget-text-editor\" data-id=\"a4db067\" data-element_type=\"widget\" data-e-type=\"widget\" data-widget_type=\"text-editor.default\">\n\t\t\t\t<div class=\"elementor-widget-container\">\n\t\t\t\t\t\t\t\t\t<p><em>For technical support <a href=\"https:\/\/forms.clickup.com\/8576036\/f\/85q14-1807\/OTWGZUD79RG0VA794Z\">click here<\/a>.<\/em><\/p>\t\t\t\t\t\t\t\t<\/div>\n\t\t\t\t<\/div>\n\t\t\t\t\t<\/div>\n\t\t<\/div>\n\t\t\t\t\t<\/div>\n\t\t<\/section>\n\t\t\t\t<\/div>\n\t\t","protected":false},"excerpt":{"rendered":"<p>Enflammez votre passion pour apprendre ! Soutenir la pratique du curriculum est une s\u00e9rie d\u2019apprentissage professionnel pour les \u00e9ducateur\u00b7rice\u00b7s de la petite enfance qui travaillent dans des programmes de garde d\u2019enfants, des garderies familiales, des pr\u00e9maternelles et des programmes de garde d\u2019enfants d\u2019\u00e2ge scolaire en Alberta. Pour plus de renseignements ou pour vous inscrire, veuillez [&hellip;]<\/p>\n","protected":false},"author":2,"featured_media":0,"parent":0,"menu_order":0,"comment_status":"closed","ping_status":"closed","template":"","meta":{"_bbp_topic_count":0,"_bbp_reply_count":0,"_bbp_total_topic_count":0,"_bbp_total_reply_count":0,"_bbp_voice_count":0,"_bbp_anonymous_reply_count":0,"_bbp_topic_count_hidden":0,"_bbp_reply_count_hidden":0,"_bbp_forum_subforum_count":0,"site-sidebar-layout":"no-sidebar","site-content-layout":"plain-container","ast-site-content-layout":"normal-width-container","site-content-style":"unboxed","site-sidebar-style":"unboxed","ast-global-header-display":"","ast-banner-title-visibility":"","ast-main-header-display":"","ast-hfb-above-header-display":"","ast-hfb-below-header-display":"","ast-hfb-mobile-header-display":"","site-post-title":"disabled","ast-breadcrumbs-content":"","ast-featured-img":"disabled","footer-sml-layout":"","ast-disable-related-posts":"","theme-transparent-header-meta":"default","adv-header-id-meta":"","stick-header-meta":"","header-above-stick-meta":"","header-main-stick-meta":"","header-below-stick-meta":"","astra-migrate-meta-layouts":"set","ast-page-background-enabled":"default","ast-page-background-meta":{"desktop":{"background-color":"var(--ast-global-color-4)","background-image":"","background-repeat":"repeat","background-position":"center center","background-size":"auto","background-attachment":"scroll","background-type":"","background-media":"","overlay-type":"","overlay-color":"","overlay-opacity":"","overlay-gradient":""},"tablet":{"background-color":"","background-image":"","background-repeat":"repeat","background-position":"center center","background-size":"auto","background-attachment":"scroll","background-type":"","background-media":"","overlay-type":"","overlay-color":"","overlay-opacity":"","overlay-gradient":""},"mobile":{"background-color":"","background-image":"","background-repeat":"repeat","background-position":"center center","background-size":"auto","background-attachment":"scroll","background-type":"","background-media":"","overlay-type":"","overlay-color":"","overlay-opacity":"","overlay-gradient":""}},"ast-content-background-meta":{"desktop":{"background-color":"var(--ast-global-color-5)","background-image":"","background-repeat":"repeat","background-position":"center center","background-size":"auto","background-attachment":"scroll","background-type":"","background-media":"","overlay-type":"","overlay-color":"","overlay-opacity":"","overlay-gradient":""},"tablet":{"background-color":"var(--ast-global-color-5)","background-image":"","background-repeat":"repeat","background-position":"center center","background-size":"auto","background-attachment":"scroll","background-type":"","background-media":"","overlay-type":"","overlay-color":"","overlay-opacity":"","overlay-gradient":""},"mobile":{"background-color":"var(--ast-global-color-5)","background-image":"","background-repeat":"repeat","background-position":"center center","background-size":"auto","background-attachment":"scroll","background-type":"","background-media":"","overlay-type":"","overlay-color":"","overlay-opacity":"","overlay-gradient":""}},"footnotes":""},"class_list":["post-59","page","type-page","status-publish","hentry"],"_links":{"self":[{"href":"https:\/\/soutenirpratiquecurriculum.ca\/en\/wp-json\/wp\/v2\/pages\/59","targetHints":{"allow":["GET"]}}],"collection":[{"href":"https:\/\/soutenirpratiquecurriculum.ca\/en\/wp-json\/wp\/v2\/pages"}],"about":[{"href":"https:\/\/soutenirpratiquecurriculum.ca\/en\/wp-json\/wp\/v2\/types\/page"}],"author":[{"embeddable":true,"href":"https:\/\/soutenirpratiquecurriculum.ca\/en\/wp-json\/wp\/v2\/users\/2"}],"replies":[{"embeddable":true,"href":"https:\/\/soutenirpratiquecurriculum.ca\/en\/wp-json\/wp\/v2\/comments?post=59"}],"version-history":[{"count":71,"href":"https:\/\/soutenirpratiquecurriculum.ca\/en\/wp-json\/wp\/v2\/pages\/59\/revisions"}],"predecessor-version":[{"id":12668,"href":"https:\/\/soutenirpratiquecurriculum.ca\/en\/wp-json\/wp\/v2\/pages\/59\/revisions\/12668"}],"wp:attachment":[{"href":"https:\/\/soutenirpratiquecurriculum.ca\/en\/wp-json\/wp\/v2\/media?parent=59"}],"curies":[{"name":"wp","href":"https:\/\/api.w.org\/{rel}","templated":true}]}}